{"id":180,"date":"2023-08-16T10:27:06","date_gmt":"2023-08-16T15:27:06","guid":{"rendered":"https:\/\/groverlawkc.com\/?page_id=180"},"modified":"2025-02-25T07:44:18","modified_gmt":"2025-02-25T07:44:18","slug":"disclaimer","status":"publish","type":"page","link":"https:\/\/groverlawkc.com\/grover-law-firm-en-espanol\/disclaimer\/","title":{"rendered":"Descargo de responsabilidad"},"content":{"rendered":"<h2>Relaci\u00f3n Abogado-Cliente<\/h2>\n<p>La informaci\u00f3n proporcionada en este sitio web o durante nuestra evaluaci\u00f3n de caso no crea una relaci\u00f3n abogado-cliente. No existir\u00e1 una relaci\u00f3n abogado-cliente entre nosotros hasta que haya firmado un acuerdo de honorarios por escrito. Por lo tanto, no somos responsables de ning\u00fan da\u00f1o o p\u00e9rdida resultante de la confianza en la informaci\u00f3n contenida en este sitio web. La informaci\u00f3n en este sitio puede no aplicarse a su caso espec\u00edfico. No debe asumir que obtendr\u00e1 una respuesta completa o precisa a sus preguntas legales solo por leer el sitio web de un abogado. Siempre debe consultar con un abogado sobre su situaci\u00f3n legal particular.<\/p>\n<h2>Los Resultados Pasados No Garantizan Resultados Futuros<\/h2>\n<p>Las descripciones y res\u00famenes sobre casos y acuerdos previos del abogado que se encuentran en este sitio web tienen \u00fanicamente el prop\u00f3sito de proporcionar informaci\u00f3n sobre las actividades y experiencia de nuestros abogados y no deben interpretarse como una garant\u00eda o seguridad de \u00e9xito en el futuro. Los resultados presentados dependieron de una variedad de hechos y circunstancias \u00fanicas en cada caso particular y no reflejan el historial completo de los abogados involucrados. Los resultados pasados no garantizan resultados futuros, y el desenlace de su caso o asunto espec\u00edfico no puede predecirse bas\u00e1ndose en los resultados anteriores de un abogado o bufete. Cada caso es \u00fanico y debe evaluarse seg\u00fan sus propios m\u00e9ritos, sin comparaciones con otros casos que pueden haber tenido diferentes hechos y circunstancias.<\/p>\n<h2>Limitaci\u00f3n de Responsabilidad<\/h2>\n<p>El uso de este sitio web es bajo su propio riesgo, y GroverLawKC renuncia expresamente a toda responsabilidad respecto a acciones tomadas o no tomadas basadas en el contenido de este sitio web. El contenido del sitio web contiene informaci\u00f3n general y puede no reflejar los desarrollos legales, veredictos o acuerdos m\u00e1s recientes. Ni los autores ni GroverLawKC hacen declaraciones, promesas o garant\u00edas sobre la exactitud, integridad, actualidad o adecuaci\u00f3n de los contenidos o informaci\u00f3n contenida o enlazada en este sitio. Los materiales en este sitio web pueden ser modificados, mejorados o actualizados sin previo aviso. GroverLawKC no es responsable de errores u omisiones en el contenido de este sitio ni de da\u00f1os derivados del uso o rendimiento de este sitio web en ninguna circunstancia.<\/p>\n<p>GroverLawKC no pretende que este sitio web sea publicidad para servicios legales, pero en algunas jurisdicciones puede considerarse como tal. Cualquier resultado anterior descrito en este sitio web no garantiza un resultado similar. Los resultados dependen de una variedad de factores \u00fanicos en cada representaci\u00f3n. GroverLawKC no busca representar a nadie basado en su visita a este sitio web en una jurisdicci\u00f3n donde el mismo no cumpla con los requisitos locales. Este sitio web no constituye una oferta para prestar servicios legales en ninguna jurisdicci\u00f3n en la que los abogados de GroverLawKC no est\u00e9n autorizados para ejercer. Las jurisdicciones en las que nuestros abogados est\u00e1n autorizados para ejercer se indican en la secci\u00f3n &#8220;Perfil del Abogado&#8221; de este sitio web.<\/p>\n<h2>No Solicitud<\/h2>\n<p>Le pedimos que no utilice ninguna de la informaci\u00f3n contenida en este sitio web, incluyendo, sin limitaci\u00f3n, las direcciones de correo electr\u00f3nico publicadas aqu\u00ed, para transmitir, distribuir o facilitar la distribuci\u00f3n de correos electr\u00f3nicos masivos no solicitados u otros anuncios a GroverLawKC o cualquiera de sus abogados u otros empleados. Cualquier uso de la informaci\u00f3n de este sitio web para tales fines constituye una violaci\u00f3n de los t\u00e9rminos de uso de este sitio.<\/p>\n","protected":false},"excerpt":{"rendered":"<p>Relaci\u00f3n Abogado-Cliente La informaci\u00f3n proporcionada en este sitio web o durante nuestra evaluaci\u00f3n de caso no crea una relaci\u00f3n abogado-cliente. No existir\u00e1 una relaci\u00f3n abogado-cliente entre nosotros hasta que haya firmado un acuerdo de honorarios por escrito. Por lo tanto, no somos responsables de ning\u00fan da\u00f1o o p\u00e9rdida resultante de la confianza en la informaci\u00f3n &hellip; <\/p>\n<p class=\"link-more\"><a href=\"https:\/\/groverlawkc.com\/grover-law-firm-en-espanol\/disclaimer\/\" class=\"more-link\">Continue reading<span class=\"screen-reader-text\"> &#8220;Descargo de responsabilidad&#8221;<\/span><\/a><\/p>\n","protected":false},"author":4,"featured_media":0,"parent":0,"menu_order":0,"comment_status":"closed","ping_status":"closed","template":"","meta":{"_acf_changed":false,"slim_seo":{"title":"Descargo de responsabilidad - GroverLawKC En Espa\u00f1ol","description":"Relaci\u00f3n Abogado-Cliente La informaci\u00f3n proporcionada en este sitio web o durante nuestra evaluaci\u00f3n de caso no crea una relaci\u00f3n abogado-cliente. No existir\u00e1 u"},"footnotes":""},"class_list":["post-180","page","type-page","status-publish","hentry"],"acf":{"h1_title":"","h2_title":""},"_links":{"self":[{"href":"https:\/\/groverlawkc.com\/grover-law-firm-en-espanol\/wp-json\/wp\/v2\/pages\/180","targetHints":{"allow":["GET"]}}],"collection":[{"href":"https:\/\/groverlawkc.com\/grover-law-firm-en-espanol\/wp-json\/wp\/v2\/pages"}],"about":[{"href":"https:\/\/groverlawkc.com\/grover-law-firm-en-espanol\/wp-json\/wp\/v2\/types\/page"}],"author":[{"embeddable":true,"href":"https:\/\/groverlawkc.com\/grover-law-firm-en-espanol\/wp-json\/wp\/v2\/users\/4"}],"replies":[{"embeddable":true,"href":"https:\/\/groverlawkc.com\/grover-law-firm-en-espanol\/wp-json\/wp\/v2\/comments?post=180"}],"version-history":[{"count":3,"href":"https:\/\/groverlawkc.com\/grover-law-firm-en-espanol\/wp-json\/wp\/v2\/pages\/180\/revisions"}],"predecessor-version":[{"id":2083,"href":"https:\/\/groverlawkc.com\/grover-law-firm-en-espanol\/wp-json\/wp\/v2\/pages\/180\/revisions\/2083"}],"wp:attachment":[{"href":"https:\/\/groverlawkc.com\/grover-law-firm-en-espanol\/wp-json\/wp\/v2\/media?parent=180"}],"curies":[{"name":"wp","href":"https:\/\/api.w.org\/{rel}","templated":true}]}}