{"id":1382,"date":"2023-08-15T14:38:34","date_gmt":"2023-08-15T19:38:34","guid":{"rendered":"https:\/\/groverlawkc.com\/practice-areas\/"},"modified":"2025-03-24T07:06:12","modified_gmt":"2025-03-24T07:06:12","slug":"practice-areas","status":"publish","type":"page","link":"https:\/\/groverlawkc.com\/grover-law-firm-en-espanol\/practice-areas\/","title":{"rendered":"\u00c1reas de pr\u00e1ctica"},"content":{"rendered":"","protected":false},"excerpt":{"rendered":"","protected":false},"author":4,"featured_media":0,"parent":0,"menu_order":5,"comment_status":"closed","ping_status":"closed","template":"templates\/practice-areas.php","meta":{"_acf_changed":false,"slim_seo":{"title":"\u00c1reas de pr\u00e1ctica - GroverLawKC En Espa\u00f1ol","description":""},"footnotes":""},"class_list":["post-1382","page","type-page","status-publish","hentry"],"acf":{"h1_title":"Trabaje con un equipo legal que realmente se preocupa","h2_title":"\u00c1reas de pr\u00e1ctica"},"_links":{"self":[{"href":"https:\/\/groverlawkc.com\/grover-law-firm-en-espanol\/wp-json\/wp\/v2\/pages\/1382","targetHints":{"allow":["GET"]}}],"collection":[{"href":"https:\/\/groverlawkc.com\/grover-law-firm-en-espanol\/wp-json\/wp\/v2\/pages"}],"about":[{"href":"https:\/\/groverlawkc.com\/grover-law-firm-en-espanol\/wp-json\/wp\/v2\/types\/page"}],"author":[{"embeddable":true,"href":"https:\/\/groverlawkc.com\/grover-law-firm-en-espanol\/wp-json\/wp\/v2\/users\/4"}],"replies":[{"embeddable":true,"href":"https:\/\/groverlawkc.com\/grover-law-firm-en-espanol\/wp-json\/wp\/v2\/comments?post=1382"}],"version-history":[{"count":6,"href":"https:\/\/groverlawkc.com\/grover-law-firm-en-espanol\/wp-json\/wp\/v2\/pages\/1382\/revisions"}],"predecessor-version":[{"id":2157,"href":"https:\/\/groverlawkc.com\/grover-law-firm-en-espanol\/wp-json\/wp\/v2\/pages\/1382\/revisions\/2157"}],"wp:attachment":[{"href":"https:\/\/groverlawkc.com\/grover-law-firm-en-espanol\/wp-json\/wp\/v2\/media?parent=1382"}],"curies":[{"name":"wp","href":"https:\/\/api.w.org\/{rel}","templated":true}]}}