{"id":1378,"date":"2023-08-15T01:20:36","date_gmt":"2023-08-15T06:20:36","guid":{"rendered":"https:\/\/groverlawkc.com\/?page_id=3"},"modified":"2025-02-25T07:49:40","modified_gmt":"2025-02-25T07:49:40","slug":"privacy-policy","status":"publish","type":"page","link":"https:\/\/groverlawkc.com\/grover-law-firm-en-espanol\/privacy-policy\/","title":{"rendered":"pol\u00edtica de privacidad"},"content":{"rendered":"<p>Esta pol\u00edtica de privacidad se aplica \u00fanicamente a la informaci\u00f3n recopilada por este sitio web. Le notificar\u00e1 lo siguiente:<\/p>\n<ul>\n<li>\u00bfQu\u00e9 informaci\u00f3n de identificaci\u00f3n personal se recopila de usted a trav\u00e9s del sitio web, c\u00f3mo se utiliza y con qui\u00e9n se puede compartir?<\/li>\n<li>\u00bfQu\u00e9 opciones est\u00e1n disponibles para usted con respecto al uso de sus datos?<\/li>\n<li>Existen procedimientos de seguridad para proteger contra el uso indebido de su informaci\u00f3n.<\/li>\n<li>\u00bfC\u00f3mo se pueden corregir las inexactitudes en la informaci\u00f3n?<\/li>\n<\/ul>\n<h2>Recopilaci\u00f3n, uso e intercambio de informaci\u00f3n<\/h2>\n<p>Somos los \u00fanicos propietarios de la informaci\u00f3n recopilada en este sitio. Solo tenemos acceso a\/recopilamos informaci\u00f3n que usted nos proporciona voluntariamente por correo electr\u00f3nico u otro contacto directo suyo. No venderemos ni alquilaremos esta informaci\u00f3n a nadie. Usaremos su informaci\u00f3n para responderle sobre el motivo por el que se comunic\u00f3 con nosotros. No compartiremos su informaci\u00f3n con ning\u00fan tercero fuera de nuestra organizaci\u00f3n excepto cuando sea necesario para cumplir con su solicitud, por ejemplo, para enviar un pedido. A menos que nos solicite que no lo hagamos, es posible que nos comuniquemos con usted por correo electr\u00f3nico en el futuro para informarle sobre ofertas especiales, nuevos productos o servicios o cambios en esta pol\u00edtica de privacidad.<\/p>\n<h2>Su acceso y control sobre la informaci\u00f3n<\/h2>\n<p>Puede optar por no recibir ning\u00fan contacto futuro con nosotros en cualquier momento. Puede hacer lo siguiente en cualquier momento poni\u00e9ndose en contacto con nosotros a trav\u00e9s de la direcci\u00f3n de correo electr\u00f3nico o el n\u00famero de tel\u00e9fono que figura en nuestro sitio web:<\/p>\n<ul>\n<li>Vea qu\u00e9 datos tenemos sobre usted, si los hubiera.<\/li>\n<li>Cambiar\/corregir cualquier dato que tengamos sobre usted.<\/li>\n<li>P\u00eddanos que eliminemos cualquier dato que tengamos sobre usted.<\/li>\n<li>Expresar cualquier inquietud que tenga sobre nuestro uso de sus datos.<\/li>\n<\/ul>\n<h2>Seguridad<\/h2>\n<p>Tomamos precauciones para proteger su informaci\u00f3n. Cuando env\u00eda informaci\u00f3n confidencial a trav\u00e9s del sitio web, su informaci\u00f3n est\u00e1 protegida tanto en l\u00ednea como fuera de l\u00ednea. Siempre que recopilamos informaci\u00f3n confidencial (como datos de tarjetas de cr\u00e9dito), esa informaci\u00f3n se cifra y se nos transmite de forma segura. Puede verificar esto buscando un icono de candado cerrado en la parte inferior de su navegador web o buscando &#8220;https&#8221; al principio de la direcci\u00f3n de la p\u00e1gina web. Si bien utilizamos cifrado para proteger la informaci\u00f3n confidencial transmitida en l\u00ednea, tambi\u00e9n protegemos su informaci\u00f3n fuera de l\u00ednea. S\u00f3lo los empleados que necesitan la informaci\u00f3n para realizar un trabajo espec\u00edfico (por ejemplo, facturaci\u00f3n o servicio al cliente) tienen acceso a informaci\u00f3n de identificaci\u00f3n personal. Las computadoras\/servidores en los que almacenamos informaci\u00f3n de identificaci\u00f3n personal se mantienen en un entorno seguro.<\/p>\n","protected":false},"excerpt":{"rendered":"<p>Esta pol\u00edtica de privacidad se aplica \u00fanicamente a la informaci\u00f3n recopilada por este sitio web. Le notificar\u00e1 lo siguiente: \u00bfQu\u00e9 informaci\u00f3n de identificaci\u00f3n personal se recopila de usted a trav\u00e9s del sitio web, c\u00f3mo se utiliza y con qui\u00e9n se puede compartir? \u00bfQu\u00e9 opciones est\u00e1n disponibles para usted con respecto al uso de sus datos? &hellip; <\/p>\n<p class=\"link-more\"><a href=\"https:\/\/groverlawkc.com\/grover-law-firm-en-espanol\/privacy-policy\/\" class=\"more-link\">Continue reading<span class=\"screen-reader-text\"> &#8220;pol\u00edtica de privacidad&#8221;<\/span><\/a><\/p>\n","protected":false},"author":4,"featured_media":0,"parent":0,"menu_order":0,"comment_status":"closed","ping_status":"closed","template":"","meta":{"_acf_changed":false,"slim_seo":{"title":"pol\u00edtica de privacidad - GroverLawKC En Espa\u00f1ol","description":"Esta pol\u00edtica de privacidad se aplica \u00fanicamente a la informaci\u00f3n recopilada por este sitio web. Le notificar\u00e1 lo siguiente: \u00bfQu\u00e9 informaci\u00f3n de identificaci\u00f3n"},"footnotes":""},"class_list":["post-1378","page","type-page","status-publish","hentry"],"acf":{"h1_title":"","h2_title":""},"_links":{"self":[{"href":"https:\/\/groverlawkc.com\/grover-law-firm-en-espanol\/wp-json\/wp\/v2\/pages\/1378","targetHints":{"allow":["GET"]}}],"collection":[{"href":"https:\/\/groverlawkc.com\/grover-law-firm-en-espanol\/wp-json\/wp\/v2\/pages"}],"about":[{"href":"https:\/\/groverlawkc.com\/grover-law-firm-en-espanol\/wp-json\/wp\/v2\/types\/page"}],"author":[{"embeddable":true,"href":"https:\/\/groverlawkc.com\/grover-law-firm-en-espanol\/wp-json\/wp\/v2\/users\/4"}],"replies":[{"embeddable":true,"href":"https:\/\/groverlawkc.com\/grover-law-firm-en-espanol\/wp-json\/wp\/v2\/comments?post=1378"}],"version-history":[{"count":3,"href":"https:\/\/groverlawkc.com\/grover-law-firm-en-espanol\/wp-json\/wp\/v2\/pages\/1378\/revisions"}],"predecessor-version":[{"id":2089,"href":"https:\/\/groverlawkc.com\/grover-law-firm-en-espanol\/wp-json\/wp\/v2\/pages\/1378\/revisions\/2089"}],"wp:attachment":[{"href":"https:\/\/groverlawkc.com\/grover-law-firm-en-espanol\/wp-json\/wp\/v2\/media?parent=1378"}],"curies":[{"name":"wp","href":"https:\/\/api.w.org\/{rel}","templated":true}]}}